{"id":13338,"date":"2026-05-15T09:25:58","date_gmt":"2026-05-15T15:25:58","guid":{"rendered":"https:\/\/romeropineda.rubenibanez.es\/?page_id=13338"},"modified":"2026-05-15T09:25:58","modified_gmt":"2026-05-15T15:25:58","slug":"innovation-project","status":"publish","type":"page","link":"https:\/\/www.romeropineda.com\/en\/innovation-project\/","title":{"rendered":"RP&amp;A Innovation Project \u00ae\ufe0f"},"content":{"rendered":"<div data-elementor-type=\"wp-page\" data-elementor-id=\"13338\" class=\"elementor elementor-13338\" data-elementor-post-type=\"page\">\n\t\t\t\t\t\t<section class=\"elementor-section elementor-top-section elementor-element elementor-element-5a6149c elementor-section-height-min-height elementor-hidden-mobile elementor-section-boxed elementor-section-height-default elementor-section-items-middle qodef-elementor-content-no\" data-id=\"5a6149c\" data-element_type=\"section\" data-e-type=\"section\" data-settings=\"{&quot;background_background&quot;:&quot;classic&quot;}\">\n\t\t\t\t\t\t<div class=\"elementor-container elementor-column-gap-default\">\n\t\t\t\t\t<div class=\"elementor-column elementor-col-50 elementor-top-column elementor-element elementor-element-ae8f379\" data-id=\"ae8f379\" data-element_type=\"column\" data-e-type=\"column\">\n\t\t\t<div class=\"elementor-widget-wrap elementor-element-populated\">\n\t\t\t\t\t\t\t<\/div>\n\t\t<\/div>\n\t\t\t\t<div class=\"elementor-column elementor-col-50 elementor-top-column elementor-element elementor-element-97b2d80 elementor-hidden-desktop elementor-hidden-tablet elementor-hidden-mobile\" data-id=\"97b2d80\" data-element_type=\"column\" data-e-type=\"column\">\n\t\t\t<div class=\"elementor-widget-wrap elementor-element-populated\">\n\t\t\t\t\t\t\t<\/div>\n\t\t<\/div>\n\t\t\t\t\t<\/div>\n\t\t<\/section>\n\t\t\t\t<section class=\"elementor-section elementor-top-section elementor-element elementor-element-8e50de4 elementor-section-height-min-height elementor-hidden-desktop elementor-hidden-tablet elementor-section-boxed elementor-section-height-default elementor-section-items-middle qodef-elementor-content-no\" data-id=\"8e50de4\" data-element_type=\"section\" data-e-type=\"section\" data-settings=\"{&quot;background_background&quot;:&quot;classic&quot;}\">\n\t\t\t\t\t\t\t<div class=\"elementor-background-overlay\"><\/div>\n\t\t\t\t\t\t\t<div class=\"elementor-container elementor-column-gap-default\">\n\t\t\t\t\t<div class=\"elementor-column elementor-col-50 elementor-top-column elementor-element elementor-element-e1af450\" data-id=\"e1af450\" data-element_type=\"column\" data-e-type=\"column\">\n\t\t\t<div class=\"elementor-widget-wrap elementor-element-populated\">\n\t\t\t\t\t\t\t<\/div>\n\t\t<\/div>\n\t\t\t\t<div class=\"elementor-column elementor-col-50 elementor-top-column elementor-element elementor-element-0924157 elementor-hidden-desktop elementor-hidden-tablet elementor-hidden-mobile\" data-id=\"0924157\" data-element_type=\"column\" data-e-type=\"column\">\n\t\t\t<div class=\"elementor-widget-wrap elementor-element-populated\">\n\t\t\t\t\t\t\t<\/div>\n\t\t<\/div>\n\t\t\t\t\t<\/div>\n\t\t<\/section>\n\t\t\t\t<section class=\"elementor-section elementor-top-section elementor-element elementor-element-640afbe elementor-section-boxed elementor-section-height-default elementor-section-height-default qodef-elementor-content-no\" data-id=\"640afbe\" data-element_type=\"section\" data-e-type=\"section\">\n\t\t\t\t\t\t<div class=\"elementor-container elementor-column-gap-default\">\n\t\t\t\t\t<div class=\"elementor-column elementor-col-100 elementor-top-column elementor-element elementor-element-300173b elementor-invisible\" data-id=\"300173b\" data-element_type=\"column\" data-e-type=\"column\" data-settings=\"{&quot;animation&quot;:&quot;fadeInLeft&quot;}\">\n\t\t\t<div class=\"elementor-widget-wrap elementor-element-populated\">\n\t\t\t\t\t\t<div class=\"elementor-element elementor-element-36668c6 elementor-widget elementor-widget-image\" data-id=\"36668c6\" data-element_type=\"widget\" data-e-type=\"widget\" data-widget_type=\"image.default\">\n\t\t\t\t<div class=\"elementor-widget-container\">\n\t\t\t\t\t\t\t\t\t\t\t\t\t\t\t<img fetchpriority=\"high\" decoding=\"async\" width=\"1000\" height=\"1000\" src=\"https:\/\/www.romeropineda.com\/wp-content\/uploads\/2024\/01\/LOGO-RPA-innovation-project-.jpg\" class=\"attachment-large size-large wp-image-15334\" alt=\"\" srcset=\"https:\/\/www.romeropineda.com\/wp-content\/uploads\/2024\/01\/LOGO-RPA-innovation-project-.jpg 1000w, https:\/\/www.romeropineda.com\/wp-content\/uploads\/2024\/01\/LOGO-RPA-innovation-project--300x300.jpg 300w, https:\/\/www.romeropineda.com\/wp-content\/uploads\/2024\/01\/LOGO-RPA-innovation-project--150x150.jpg 150w, https:\/\/www.romeropineda.com\/wp-content\/uploads\/2024\/01\/LOGO-RPA-innovation-project--768x768.jpg 768w, https:\/\/www.romeropineda.com\/wp-content\/uploads\/2024\/01\/LOGO-RPA-innovation-project--12x12.jpg 12w, https:\/\/www.romeropineda.com\/wp-content\/uploads\/2024\/01\/LOGO-RPA-innovation-project--650x650.jpg 650w\" sizes=\"(max-width: 1000px) 100vw, 1000px\" \/>\t\t\t\t\t\t\t\t\t\t\t\t\t\t\t<\/div>\n\t\t\t\t<\/div>\n\t\t\t\t<div class=\"elementor-element elementor-element-ab75267 elementor-hidden-desktop elementor-hidden-tablet elementor-hidden-mobile elementor-widget elementor-widget-heading\" data-id=\"ab75267\" data-element_type=\"widget\" data-e-type=\"widget\" data-widget_type=\"heading.default\">\n\t\t\t\t<div class=\"elementor-widget-container\">\n\t\t\t\t\t<h3 class=\"elementor-heading-title elementor-size-default\">INNOVATION PROJECT<\/h3>\t\t\t\t<\/div>\n\t\t\t\t<\/div>\n\t\t\t\t<div class=\"elementor-element elementor-element-1bb3df5 elementor-widget elementor-widget-text-editor\" data-id=\"1bb3df5\" data-element_type=\"widget\" data-e-type=\"widget\" data-widget_type=\"text-editor.default\">\n\t\t\t\t<div class=\"elementor-widget-container\">\n\t\t\t\t\t\t\t\t\t<p style=\"margin: 0cm; text-align: justify; background: white; vertical-align: baseline;\">At Romero Pineda we firmly believe that everything that begins as a dream can materialize into great achievements, as long as it is with perseverance and correct advice. This is why in 2020, the Firm created the Innovation Project\u00ae program, as a response of solidarity and legal support to businesses that were transformed by the COVID-19 pandemic. In these moments of crisis, timely legal advice made the difference so that many entrepreneurs, micro, small and medium entrepreneurs survived and even stood out from the rest.<\/p>\n<p>Today, more than three years after its official launch, Innovation Project\u00ae stands out and differentiates itself for being a comprehensive legal response in this \u201cnew reality\u201d in which every day we are forced to adapt quickly. Through the program we have achieved a wide reach of up to 100 beneficiaries, we have contributed to entrepreneurs and businessmen generating positive changes in their environment and in the market.<\/p>\n<p>With the personalized assistance that we provide in the different areas of Law, our clients have consolidated their projects, not only obtaining the protection of their Intellectual Property assets, but also formalizing their businesses, eliminating risks through correct compliance with legal obligations and some even creating new franchises for their businesses.<\/p>\t\t\t\t\t\t\t\t<\/div>\n\t\t\t\t<\/div>\n\t\t\t\t\t<\/div>\n\t\t<\/div>\n\t\t\t\t\t<\/div>\n\t\t<\/section>\n\t\t\t\t<section class=\"elementor-section elementor-top-section elementor-element elementor-element-e8b7ce8 elementor-section-full_width elementor-section-height-default elementor-section-height-default qodef-elementor-content-no elementor-invisible\" data-id=\"e8b7ce8\" data-element_type=\"section\" data-e-type=\"section\" data-settings=\"{&quot;animation&quot;:&quot;fadeInUp&quot;}\">\n\t\t\t\t\t\t<div class=\"elementor-container elementor-column-gap-default\">\n\t\t\t\t\t<div class=\"elementor-column elementor-col-100 elementor-top-column elementor-element elementor-element-1aa6bec\" data-id=\"1aa6bec\" data-element_type=\"column\" data-e-type=\"column\">\n\t\t\t<div class=\"elementor-widget-wrap elementor-element-populated\">\n\t\t\t\t\t\t<div class=\"elementor-element elementor-element-d25005f elementor-widget elementor-widget-heading\" data-id=\"d25005f\" data-element_type=\"widget\" data-e-type=\"widget\" data-widget_type=\"heading.default\">\n\t\t\t\t<div class=\"elementor-widget-container\">\n\t\t\t\t\t<h2 class=\"elementor-heading-title elementor-size-default\">Some of our clients<\/h2>\t\t\t\t<\/div>\n\t\t\t\t<\/div>\n\t\t\t\t<div class=\"elementor-element elementor-element-9faa46a elementor-pagination-position-outside elementor-widget elementor-widget-image-carousel\" data-id=\"9faa46a\" data-element_type=\"widget\" data-e-type=\"widget\" data-settings=\"{&quot;slides_to_show&quot;:&quot;3&quot;,&quot;navigation&quot;:&quot;dots&quot;,&quot;infinite&quot;:&quot;no&quot;,&quot;autoplay&quot;:&quot;yes&quot;,&quot;pause_on_hover&quot;:&quot;yes&quot;,&quot;pause_on_interaction&quot;:&quot;yes&quot;,&quot;autoplay_speed&quot;:5000,&quot;speed&quot;:500,&quot;image_spacing_custom&quot;:{&quot;unit&quot;:&quot;px&quot;,&quot;size&quot;:20,&quot;sizes&quot;:[]},&quot;image_spacing_custom_tablet&quot;:{&quot;unit&quot;:&quot;px&quot;,&quot;size&quot;:&quot;&quot;,&quot;sizes&quot;:[]},&quot;image_spacing_custom_mobile&quot;:{&quot;unit&quot;:&quot;px&quot;,&quot;size&quot;:&quot;&quot;,&quot;sizes&quot;:[]}}\" data-widget_type=\"image-carousel.default\">\n\t\t\t\t<div class=\"elementor-widget-container\">\n\t\t\t\t\t\t\t<div class=\"elementor-image-carousel-wrapper swiper\" role=\"region\" aria-roledescription=\"carousel\" aria-label=\"Carrusel de im\u00e1genes\" dir=\"ltr\">\n\t\t\t<div class=\"elementor-image-carousel swiper-wrapper\" aria-live=\"off\">\n\t\t\t\t\t\t\t\t<div class=\"swiper-slide\" role=\"group\" aria-roledescription=\"slide\" aria-label=\"1 de 8\"><figure class=\"swiper-slide-inner\"><img decoding=\"async\" class=\"swiper-slide-image\" src=\"https:\/\/www.romeropineda.com\/wp-content\/uploads\/2023\/12\/ACA-1024x611.png\" alt=\"ACA\" \/><\/figure><\/div><div class=\"swiper-slide\" role=\"group\" aria-roledescription=\"slide\" aria-label=\"2 de 8\"><figure class=\"swiper-slide-inner\"><img decoding=\"async\" class=\"swiper-slide-image\" src=\"https:\/\/www.romeropineda.com\/wp-content\/uploads\/2023\/12\/Andrea-Ayala.png\" alt=\"Andrea Ayala\" \/><\/figure><\/div><div class=\"swiper-slide\" role=\"group\" aria-roledescription=\"slide\" aria-label=\"3 de 8\"><figure class=\"swiper-slide-inner\"><img decoding=\"async\" class=\"swiper-slide-image\" src=\"https:\/\/www.romeropineda.com\/wp-content\/uploads\/2023\/12\/DON-LI.png\" alt=\"DON LI\" \/><\/figure><\/div><div class=\"swiper-slide\" role=\"group\" aria-roledescription=\"slide\" aria-label=\"4 de 8\"><figure class=\"swiper-slide-inner\"><img decoding=\"async\" class=\"swiper-slide-image\" src=\"https:\/\/www.romeropineda.com\/wp-content\/uploads\/2023\/12\/EMMALICIA.jpg\" alt=\"EMMALICIA\" \/><\/figure><\/div><div class=\"swiper-slide\" role=\"group\" aria-roledescription=\"slide\" aria-label=\"5 de 8\"><figure class=\"swiper-slide-inner\"><img decoding=\"async\" class=\"swiper-slide-image\" src=\"https:\/\/www.romeropineda.com\/wp-content\/uploads\/2023\/12\/EVA-INNOCENTI.png\" alt=\"EVA INNOCENTI\" \/><\/figure><\/div><div class=\"swiper-slide\" role=\"group\" aria-roledescription=\"slide\" aria-label=\"6 de 8\"><figure class=\"swiper-slide-inner\"><img decoding=\"async\" class=\"swiper-slide-image\" src=\"https:\/\/www.romeropineda.com\/wp-content\/uploads\/2023\/12\/Lula-Mena.jpg\" alt=\"Lula-Mena\" \/><\/figure><\/div><div class=\"swiper-slide\" role=\"group\" aria-roledescription=\"slide\" aria-label=\"7 de 8\"><figure class=\"swiper-slide-inner\"><img decoding=\"async\" class=\"swiper-slide-image\" src=\"https:\/\/www.romeropineda.com\/wp-content\/uploads\/2023\/12\/RICK-ZACHRISSON.png\" alt=\"RICK ZACHRISSON\" \/><\/figure><\/div><div class=\"swiper-slide\" role=\"group\" aria-roledescription=\"slide\" aria-label=\"8 de 8\"><figure class=\"swiper-slide-inner\"><img decoding=\"async\" class=\"swiper-slide-image\" src=\"https:\/\/www.romeropineda.com\/wp-content\/uploads\/2023\/12\/VISANTOS-PIZZA.png\" alt=\"VISANTOS PIZZA\" \/><\/figure><\/div>\t\t\t<\/div>\n\t\t\t\t\t\t\t\n\t\t\t\t\t\t\t\t\t<div class=\"swiper-pagination\"><\/div>\n\t\t\t\t\t\t\t\t\t<\/div>\n\t\t\t\t\t\t<\/div>\n\t\t\t\t<\/div>\n\t\t\t\t\t<\/div>\n\t\t<\/div>\n\t\t\t\t\t<\/div>\n\t\t<\/section>\n\t\t\t\t<\/div>","protected":false},"excerpt":{"rendered":"<p>INNOVATION PROJECT En Romero Pineda&nbsp; creemos firmemente que todo lo que empieza como un sue\u00f1o puede llegar a materializarse en grandes logros, siempre que sea con constancia y una correcta asesor\u00eda. Es por ello por lo que en 2020, la Firma cre\u00f3 el programa Innovation Project\u00ae, como una respuesta de solidaridad y apoyo legal a [&hellip;]<\/p>\n","protected":false},"author":1,"featured_media":0,"parent":0,"menu_order":0,"comment_status":"closed","ping_status":"closed","template":"","meta":{"_acf_changed":false,"footnotes":""},"class_list":["post-13338","page","type-page","status-publish","hentry"],"acf":[],"_links":{"self":[{"href":"https:\/\/www.romeropineda.com\/en\/wp-json\/wp\/v2\/pages\/13338","targetHints":{"allow":["GET"]}}],"collection":[{"href":"https:\/\/www.romeropineda.com\/en\/wp-json\/wp\/v2\/pages"}],"about":[{"href":"https:\/\/www.romeropineda.com\/en\/wp-json\/wp\/v2\/types\/page"}],"author":[{"embeddable":true,"href":"https:\/\/www.romeropineda.com\/en\/wp-json\/wp\/v2\/users\/1"}],"replies":[{"embeddable":true,"href":"https:\/\/www.romeropineda.com\/en\/wp-json\/wp\/v2\/comments?post=13338"}],"version-history":[{"count":74,"href":"https:\/\/www.romeropineda.com\/en\/wp-json\/wp\/v2\/pages\/13338\/revisions"}],"predecessor-version":[{"id":16495,"href":"https:\/\/www.romeropineda.com\/en\/wp-json\/wp\/v2\/pages\/13338\/revisions\/16495"}],"wp:attachment":[{"href":"https:\/\/www.romeropineda.com\/en\/wp-json\/wp\/v2\/media?parent=13338"}],"curies":[{"name":"wp","href":"https:\/\/api.w.org\/{rel}","templated":true}]}}