{"id":10780,"date":"2026-05-15T09:25:58","date_gmt":"2026-05-15T15:25:58","guid":{"rendered":"https:\/\/romeropineda.rubenibanez.es\/?page_id=10780"},"modified":"2026-05-15T09:25:58","modified_gmt":"2026-05-15T15:25:58","slug":"probono-2","status":"publish","type":"page","link":"https:\/\/www.romeropineda.com\/en\/probono-2\/","title":{"rendered":"Corporate Social Responsability (CSR)"},"content":{"rendered":"<div data-elementor-type=\"wp-page\" data-elementor-id=\"10780\" class=\"elementor elementor-10780\" data-elementor-post-type=\"page\">\n\t\t\t\t\t\t<section class=\"elementor-section elementor-top-section elementor-element elementor-element-1f1f7a0 elementor-section-full_width elementor-section-height-min-height elementor-hidden-mobile elementor-section-height-default elementor-section-items-middle qodef-elementor-content-no\" data-id=\"1f1f7a0\" data-element_type=\"section\" data-e-type=\"section\" data-settings=\"{&quot;background_background&quot;:&quot;classic&quot;}\">\n\t\t\t\t\t\t<div class=\"elementor-container elementor-column-gap-default\">\n\t\t\t\t\t<div class=\"elementor-column elementor-col-50 elementor-top-column elementor-element elementor-element-7ab5c14\" data-id=\"7ab5c14\" data-element_type=\"column\" data-e-type=\"column\">\n\t\t\t<div class=\"elementor-widget-wrap elementor-element-populated\">\n\t\t\t\t\t\t\t<\/div>\n\t\t<\/div>\n\t\t\t\t<div class=\"elementor-column elementor-col-50 elementor-top-column elementor-element elementor-element-8d8bc0a elementor-hidden-desktop elementor-hidden-tablet elementor-hidden-mobile\" data-id=\"8d8bc0a\" data-element_type=\"column\" data-e-type=\"column\">\n\t\t\t<div class=\"elementor-widget-wrap elementor-element-populated\">\n\t\t\t\t\t\t\t<\/div>\n\t\t<\/div>\n\t\t\t\t\t<\/div>\n\t\t<\/section>\n\t\t\t\t<section class=\"elementor-section elementor-top-section elementor-element elementor-element-838f8a8 elementor-section-full_width elementor-section-height-min-height elementor-hidden-desktop elementor-hidden-tablet elementor-section-height-default elementor-section-items-middle qodef-elementor-content-no\" data-id=\"838f8a8\" data-element_type=\"section\" data-e-type=\"section\" data-settings=\"{&quot;background_background&quot;:&quot;classic&quot;}\">\n\t\t\t\t\t\t\t<div class=\"elementor-background-overlay\"><\/div>\n\t\t\t\t\t\t\t<div class=\"elementor-container elementor-column-gap-default\">\n\t\t\t\t\t<div class=\"elementor-column elementor-col-50 elementor-top-column elementor-element elementor-element-0930e19\" data-id=\"0930e19\" data-element_type=\"column\" data-e-type=\"column\">\n\t\t\t<div class=\"elementor-widget-wrap elementor-element-populated\">\n\t\t\t\t\t\t\t<\/div>\n\t\t<\/div>\n\t\t\t\t<div class=\"elementor-column elementor-col-50 elementor-top-column elementor-element elementor-element-970e559 elementor-hidden-desktop elementor-hidden-tablet elementor-hidden-mobile\" data-id=\"970e559\" data-element_type=\"column\" data-e-type=\"column\">\n\t\t\t<div class=\"elementor-widget-wrap elementor-element-populated\">\n\t\t\t\t\t\t\t<\/div>\n\t\t<\/div>\n\t\t\t\t\t<\/div>\n\t\t<\/section>\n\t\t\t\t<section class=\"elementor-section elementor-top-section elementor-element elementor-element-64d9272 elementor-section-boxed elementor-section-height-default elementor-section-height-default qodef-elementor-content-no\" data-id=\"64d9272\" data-element_type=\"section\" data-e-type=\"section\">\n\t\t\t\t\t\t<div class=\"elementor-container elementor-column-gap-default\">\n\t\t\t\t\t<div class=\"elementor-column elementor-col-100 elementor-top-column elementor-element elementor-element-b96bb3c\" data-id=\"b96bb3c\" data-element_type=\"column\" data-e-type=\"column\">\n\t\t\t<div class=\"elementor-widget-wrap elementor-element-populated\">\n\t\t\t\t\t\t<div class=\"elementor-element elementor-element-60d2077 elementor-widget elementor-widget-text-editor\" data-id=\"60d2077\" data-element_type=\"widget\" data-e-type=\"widget\" data-widget_type=\"text-editor.default\">\n\t\t\t\t<div class=\"elementor-widget-container\">\n\t\t\t\t\t\t\t\t\t<p>The Firm maintains a strong social commitment to building a better culture of respect for the rule of law, the development of the country and the Central American region.<\/p><p>For the Firm, Pro-Bono \u2013 working for the public good \u2013 is an ethical obligation to make our profession available to just causes that represent a change to improve the present as well as the future of El Salvador and the Central American region.<\/p><p>Additionally, in recent years, they have channeled more than half a million dollars in donations working alongside NGOs and various volunteer programs. On the other hand, the contribution has transcended borders working for diplomatic representations accredited in El Salvador.<\/p><p>The commitment is in line with Corporate Social Responsibility. They work alongside AmCham as part of different committees such as: Legal Committee, Intellectual Property, Sustainability and Corporate Social Responsibility. Likewise, we advise executive management on legal issues, among others.<\/p><p>Also, for many years we have worked hand in hand with foundations including Volunteer Angels from the Brand Protection unit, preventing counterfeit products that affect the rights of their clients from entering the Salvadoran market, and after a legal process, giving them a new life, a new end.<\/p><p>The unit works hand in hand with customs authorities protecting its clients&#039; brands and seizing counterfeit products that want to enter the Salvadoran market. In accordance with the Law, they carry out the entire procedure for their seizure and upon having a favorable verdict, they ask that these products not be discarded in the common way, destroying them, but that they be transformed, with the authorization of those responsible, into a donation for works of philanthropy.<\/p><p>It is in this way that they contribute to the Volunteer Angels program, an institutional volunteer association of the Dr. Jos\u00e9 Mat\u00edas Delgado University, who work with communities to benefit those most in need in our country, who upon receiving these donations are responsible for removing labels from the products and give them a new destination.<\/p><p>\u201cThis immense benefit allows us to offer help to many localities, which would not benefit if it were not for the good efforts of Romero Pineda. As a program, these donations allow us to impact more segments of the population and that increases our social responsibility as an educational institution,\u201d shared Carla N\u00fa\u00f1ez, general coordinator of the Volunteer Angels program.<\/p><p>The history of the Firm&#039;s contribution through Volunteer Angels goes back many years when one of the partners, together with the School for Young Talents of the Mat\u00edas Delgado University, carried out several works in different communities, until one Christmas a client terminated his distribution business and all his merchandise would be spoiled, that was when he was asked to intercede with Volunteer Angels to benefit a good number of people with these products, in such a special time.<\/p><p>Part of the Pro-Bono work is focused on the benefit of children and adolescents who are in a vulnerable situation, thus managing to obtain, through hard work, different products in donation that bring a smile to each of them.<\/p>\t\t\t\t\t\t\t\t<\/div>\n\t\t\t\t<\/div>\n\t\t\t\t\t<\/div>\n\t\t<\/div>\n\t\t\t\t\t<\/div>\n\t\t<\/section>\n\t\t\t\t<section class=\"elementor-section elementor-top-section elementor-element elementor-element-40965a0 elementor-section-boxed elementor-section-height-default elementor-section-height-default qodef-elementor-content-no\" data-id=\"40965a0\" data-element_type=\"section\" data-e-type=\"section\">\n\t\t\t\t\t\t<div class=\"elementor-container elementor-column-gap-default\">\n\t\t\t\t\t<div class=\"elementor-column elementor-col-100 elementor-top-column elementor-element elementor-element-c2a1fd8\" data-id=\"c2a1fd8\" data-element_type=\"column\" data-e-type=\"column\">\n\t\t\t<div class=\"elementor-widget-wrap\">\n\t\t\t\t\t\t\t<\/div>\n\t\t<\/div>\n\t\t\t\t\t<\/div>\n\t\t<\/section>\n\t\t\t\t<section class=\"elementor-section elementor-top-section elementor-element elementor-element-04e60a2 elementor-section-boxed elementor-section-height-default elementor-section-height-default qodef-elementor-content-no\" data-id=\"04e60a2\" data-element_type=\"section\" data-e-type=\"section\">\n\t\t\t\t\t\t<div class=\"elementor-container elementor-column-gap-default\">\n\t\t\t\t\t<div class=\"elementor-column elementor-col-100 elementor-top-column elementor-element elementor-element-c46f104\" data-id=\"c46f104\" data-element_type=\"column\" data-e-type=\"column\">\n\t\t\t<div class=\"elementor-widget-wrap\">\n\t\t\t\t\t\t\t<\/div>\n\t\t<\/div>\n\t\t\t\t\t<\/div>\n\t\t<\/section>\n\t\t\t\t<section class=\"elementor-section elementor-top-section elementor-element elementor-element-7459526 elementor-section-boxed elementor-section-height-default elementor-section-height-default qodef-elementor-content-no\" data-id=\"7459526\" data-element_type=\"section\" data-e-type=\"section\">\n\t\t\t\t\t\t<div class=\"elementor-container elementor-column-gap-default\">\n\t\t\t\t\t<div class=\"elementor-column elementor-col-100 elementor-top-column elementor-element elementor-element-76af9dc\" data-id=\"76af9dc\" data-element_type=\"column\" data-e-type=\"column\">\n\t\t\t<div class=\"elementor-widget-wrap elementor-element-populated\">\n\t\t\t\t\t\t<section class=\"elementor-section elementor-inner-section elementor-element elementor-element-8939eb6 elementor-section-boxed elementor-section-height-default elementor-section-height-default qodef-elementor-content-no\" data-id=\"8939eb6\" data-element_type=\"section\" data-e-type=\"section\">\n\t\t\t\t\t\t<div class=\"elementor-container elementor-column-gap-default\">\n\t\t\t\t\t<div class=\"elementor-column elementor-col-50 elementor-inner-column elementor-element elementor-element-f774c86\" data-id=\"f774c86\" data-element_type=\"column\" data-e-type=\"column\">\n\t\t\t<div class=\"elementor-widget-wrap\">\n\t\t\t\t\t\t\t<\/div>\n\t\t<\/div>\n\t\t\t\t<div class=\"elementor-column elementor-col-50 elementor-inner-column elementor-element elementor-element-853d856\" data-id=\"853d856\" data-element_type=\"column\" data-e-type=\"column\">\n\t\t\t<div class=\"elementor-widget-wrap\">\n\t\t\t\t\t\t\t<\/div>\n\t\t<\/div>\n\t\t\t\t\t<\/div>\n\t\t<\/section>\n\t\t\t\t\t<\/div>\n\t\t<\/div>\n\t\t\t\t\t<\/div>\n\t\t<\/section>\n\t\t\t\t<section class=\"elementor-section elementor-top-section elementor-element elementor-element-81cc919 elementor-section-boxed elementor-section-height-default elementor-section-height-default qodef-elementor-content-no\" data-id=\"81cc919\" data-element_type=\"section\" data-e-type=\"section\">\n\t\t\t\t\t\t<div class=\"elementor-container elementor-column-gap-default\">\n\t\t\t\t\t<div class=\"elementor-column elementor-col-100 elementor-top-column elementor-element elementor-element-778c2e7\" data-id=\"778c2e7\" data-element_type=\"column\" data-e-type=\"column\">\n\t\t\t<div class=\"elementor-widget-wrap\">\n\t\t\t\t\t\t\t<\/div>\n\t\t<\/div>\n\t\t\t\t\t<\/div>\n\t\t<\/section>\n\t\t\t\t<\/div>","protected":false},"excerpt":{"rendered":"<p>La Firma mantiene un fuerte compromiso social de construir una mejor cultura de respeto por el Estado de Derecho, el desarrollo del pa\u00eds y la regi\u00f3n centroamericana. Para la Firma el Pro-Bono\u2013el trabajo para bien p\u00fablico \u2013 es una obligaci\u00f3n \u00e9tica de poner nuestra profesi\u00f3n a la disposici\u00f3n de las causas justas que representan un [&hellip;]<\/p>\n","protected":false},"author":1,"featured_media":0,"parent":0,"menu_order":0,"comment_status":"closed","ping_status":"closed","template":"","meta":{"_acf_changed":false,"footnotes":""},"class_list":["post-10780","page","type-page","status-publish","hentry"],"acf":[],"_links":{"self":[{"href":"https:\/\/www.romeropineda.com\/en\/wp-json\/wp\/v2\/pages\/10780","targetHints":{"allow":["GET"]}}],"collection":[{"href":"https:\/\/www.romeropineda.com\/en\/wp-json\/wp\/v2\/pages"}],"about":[{"href":"https:\/\/www.romeropineda.com\/en\/wp-json\/wp\/v2\/types\/page"}],"author":[{"embeddable":true,"href":"https:\/\/www.romeropineda.com\/en\/wp-json\/wp\/v2\/users\/1"}],"replies":[{"embeddable":true,"href":"https:\/\/www.romeropineda.com\/en\/wp-json\/wp\/v2\/comments?post=10780"}],"version-history":[{"count":46,"href":"https:\/\/www.romeropineda.com\/en\/wp-json\/wp\/v2\/pages\/10780\/revisions"}],"predecessor-version":[{"id":16599,"href":"https:\/\/www.romeropineda.com\/en\/wp-json\/wp\/v2\/pages\/10780\/revisions\/16599"}],"wp:attachment":[{"href":"https:\/\/www.romeropineda.com\/en\/wp-json\/wp\/v2\/media?parent=10780"}],"curies":[{"name":"wp","href":"https:\/\/api.w.org\/{rel}","templated":true}]}}